{"id":4139,"date":"2014-11-30T20:22:54","date_gmt":"2014-11-30T19:22:54","guid":{"rendered":"http:\/\/www.mariposario.com\/?page_id=4139"},"modified":"2023-05-29T13:17:57","modified_gmt":"2023-05-29T11:17:57","slug":"plantas","status":"publish","type":"page","link":"https:\/\/www.mariposario.com\/fr\/plantas\/","title":{"rendered":"Plantes"},"content":{"rendered":"<div class=\"wpb-content-wrapper\"><p>[vc_row][vc_column][vc_row_inner el_class=\u00a0\u00bbcontainer\u00a0\u00bb][vc_column_inner][vc_custom_heading source=\u00a0\u00bbpost_title\u00a0\u00bb font_container=\u00a0\u00bbtag:h2|text_align:center\u00a0\u00bb use_theme_fonts=\u00a0\u00bbyes\u00a0\u00bb][vc_column_text]Dans le parc aux papillons, plantes et papillons se partagent la vedette. Leur beaut\u00e9 et leur nombre constituent la base de leur vie dans le parc. Ils peuvent s\u2019y nourrir et s\u2019y reproduire en toute harmonie. Chaque esp\u00e8ce de papillons a besoin d\u2019une plante sp\u00e9cifique pour y d\u00e9poser ses \u0153ufs, cette plante que l\u2019on appelle \u00ab plante h\u00f4te \u00bb permettra aux chenilles de s\u2019en nourrir. Cette \u00e9troite relation entre plantes et papillons est le r\u00e9sultat de millions d\u2019ann\u00e9es d\u2019\u00e9volution. La femelle papillon doit identifier la \u00ab plante h\u00f4te \u00bb parmi l\u2019immense diversit\u00e9 botanique de la for\u00eat pluviale, seule garante de la survie de sa descendance.<\/p>\n<div id='galleries'><div class='clr'><\/div><\/div>\n<p>Les plantes que vous pourrez voir dans ce parc se classent en trois cat\u00e9gories, un grand nombre d\u2019entre elles ont \u00e9t\u00e9 import\u00e9es directement de leur pays d\u2019origine \u2013 Bali, Costa Rica, Tha\u00eflande, etc\u2026<\/p>\n<ol>\n<li>Plantes d\u2019ornement. Ces plantes ont \u00e9t\u00e9 choisies pour leur raret\u00e9 et leur beaut\u00e9..<\/li>\n<li>Plantes riches en nectar : ce sont les seules qui permettent aux papillons de se nourrir. Toutes les fleurs ne produisent pas du nectar, ce pourquoi il est important de savoir quelles sont les esp\u00e8ces les plus appropri\u00e9es \u00e0 la cr\u00e9ation de leur environnement de vol.<\/li>\n<li>Plantes h\u00f4tes \u00bb : plantes sp\u00e9cifiques pour la reproduction et la nourriture des chenilles. Contr\u00f4le biologique : nos petits sauveurs.<\/li>\n<\/ol>\n<hr>\n<h2>Contr\u00f4le biologique : nos petits sauveurs.<\/h2>\n<p>Les conditions environnementales du parc sont id\u00e9ales pour nos papillons mais malheureusement il y a aussi d\u2019autres habitants ind\u00e9sirables comme dans n\u2019importe quel jardin : les insectes nuisibles.<br \/>\nNous ne pouvons les combattre en utilisant des insecticides, m\u00eame biologiques, qui risqueraient de nuire aux papillons, ce pourquoi nous luttons en utilisant leurs ennemis naturels. L\u2019efficacit\u00e9 de ce contr\u00f4le biologique est fond\u00e9e sur une \u00e9tude\u2026\u2026.. Les esp\u00e8ces de notre petite arm\u00e9e sont :<\/p>\n<div id='galleries'><div class='clr'><\/div><\/div>\n<ul>\n<li><em> Amblyseius Swirski &lt;\/ em&gt; (predatory mite control Trips) &lt;\/ li&gt;<\/em><\/li>\n<li><em> Phytoseiulus &lt;\/ em&gt; (predatory mite control red spider) &lt;\/ li&gt;<\/em><\/li>\n<li><em> Criptolaemus montrouzieri &lt;\/ em&gt; (Coleoptera control mealybug) &lt;\/ li&gt;<\/em><\/li>\n<li><em> Aphidius matricariae &lt;\/ em&gt; (parasitic wasp to control aphid) &lt;\/ li&gt; <\/em><\/li>\n<\/ul>\n<hr>\n<p>&nbsp;[\/vc_column_text][\/vc_column_inner][\/vc_row_inner][\/vc_column][\/vc_row]<\/p>\n<\/div>","protected":false},"excerpt":{"rendered":"<p>[vc_row][vc_column][vc_row_inner el_class=\u00a0\u00bbcontainer\u00a0\u00bb][vc_column_inner][vc_custom_heading source=\u00a0\u00bbpost_title\u00a0\u00bb font_container=\u00a0\u00bbtag:h2|text_align:center\u00a0\u00bb use_theme_fonts=\u00a0\u00bbyes\u00a0\u00bb][vc_column_text]Dans le parc aux papillons, plantes et papillons se partagent la vedette. Leur beaut\u00e9 et leur nombre constituent la base de leur vie dans le parc. Ils peuvent s\u2019y nourrir et s\u2019y reproduire en toute harmonie. &hellip; <a href=\"https:\/\/www.mariposario.com\/fr\/plantas\/\">Continue reading <span class=\"meta-nav\">&rarr;<\/span><\/a><\/p>\n","protected":false},"author":9,"featured_media":0,"parent":0,"menu_order":0,"comment_status":"closed","ping_status":"closed","template":"","meta":{"_acf_changed":false,"ngg_post_thumbnail":0,"footnotes":""},"class_list":["post-4139","page","type-page","status-publish","hentry"],"acf":[],"_links":{"self":[{"href":"https:\/\/www.mariposario.com\/fr\/wp-json\/wp\/v2\/pages\/4139","targetHints":{"allow":["GET"]}}],"collection":[{"href":"https:\/\/www.mariposario.com\/fr\/wp-json\/wp\/v2\/pages"}],"about":[{"href":"https:\/\/www.mariposario.com\/fr\/wp-json\/wp\/v2\/types\/page"}],"author":[{"embeddable":true,"href":"https:\/\/www.mariposario.com\/fr\/wp-json\/wp\/v2\/users\/9"}],"replies":[{"embeddable":true,"href":"https:\/\/www.mariposario.com\/fr\/wp-json\/wp\/v2\/comments?post=4139"}],"version-history":[{"count":45,"href":"https:\/\/www.mariposario.com\/fr\/wp-json\/wp\/v2\/pages\/4139\/revisions"}],"predecessor-version":[{"id":14101,"href":"https:\/\/www.mariposario.com\/fr\/wp-json\/wp\/v2\/pages\/4139\/revisions\/14101"}],"wp:attachment":[{"href":"https:\/\/www.mariposario.com\/fr\/wp-json\/wp\/v2\/media?parent=4139"}],"curies":[{"name":"wp","href":"https:\/\/api.w.org\/{rel}","templated":true}]}}