{"id":4106,"date":"2014-11-29T12:09:40","date_gmt":"2014-11-29T11:09:40","guid":{"rendered":"http:\/\/www.mariposario.com\/?page_id=4106"},"modified":"2023-05-29T12:57:59","modified_gmt":"2023-05-29T10:57:59","slug":"homepage","status":"publish","type":"page","link":"https:\/\/www.mariposario.com\/fr\/","title":{"rendered":"Bienvenue au Parc des Papillons de Drago!"},"content":{"rendered":"<div class=\"wpb-content-wrapper\"><p>[vc_row][vc_column][vc_row_inner el_class=\u00a0\u00bbcontainer\u00a0\u00bb][vc_column_inner][vc_custom_heading text=\u00a0\u00bbBienvenue au Parc des Papillons de Drago!\u00a0\u00bb font_container=\u00a0\u00bbtag:h1|text_align:center\u00a0\u00bb use_theme_fonts=\u00a0\u00bbyes\u00a0\u00bb][vc_column_text]Nous sommes \u00e0 Icod de los Vinos, (Tenerife), \u00e0 c\u00f4t\u00e9 du Millenary Drago<br \/>\nPromenez-vous parmi plus de 800 papillons exotiques du monde entier qui volent en toute libert\u00e9.<\/p>\n<p>Vous pouvez voir comment ils naissent, comment ils se reproduisent et aiment apprendre beaucoup de choses sur ces insectes merveilleux.[\/vc_column_text][\/vc_column_inner][\/vc_row_inner][\/vc_column][\/vc_row][vc_row][vc_column][vc_row_inner el_class=\u00a0\u00bbcontainer\u00a0\u00bb][vc_column_inner][vc_custom_heading text=\u00a0\u00bbGaleries\u00a0\u00bb font_container=\u00a0\u00bbtag:h2|text_align:center\u00a0\u00bb use_theme_fonts=\u00a0\u00bbyes\u00a0\u00bb][vc_column_text][\/vc_column_text][\/vc_column_inner][\/vc_row_inner][\/vc_column][\/vc_row][vc_row][vc_column][vc_row_inner el_class=\u00a0\u00bbcontainer\u00a0\u00bb][vc_column_inner width=\u00a0\u00bb1\/2&Prime;][vc_custom_heading text=\u00a0\u00bbEmplacement:\u00a0\u00bb font_container=\u00a0\u00bbtag:h2|text_align:center\u00a0\u00bb use_theme_fonts=\u00a0\u00bbyes\u00a0\u00bb][vc_column_text]<div id='address'><div class='inline'><a href='https:\/\/www.google.com\/maps\/dir\/?api=1&destination=28.367107926165,-16.721966723943' target='_blank'>Mariposario del Drago, P.\u00ba Nicolas Estevez Borges, 38430 Icod de los Vinos, Santa Cruz de Tenerife, Espa\u00f1a<\/a><\/div><\/div>[\/vc_column_text][\/vc_column_inner][vc_column_inner width=\u00a0\u00bb1\/2&Prime;][vc_custom_heading text=\u00a0\u00bbHoraires d&rsquo;ouverture:\u00a0\u00bb font_container=\u00a0\u00bbtag:h2|text_align:center\u00a0\u00bb use_theme_fonts=\u00a0\u00bbyes\u00a0\u00bb][vc_column_text]<div id='address'><div class='inline'>Lun-Dim 10:00 - 19:30 - \r\nLes 24 et 31 d\u00e9cembre, de 10 h \u00e0 17 h. - \r\nLes 25 d\u00e9cembre et 1er janvier, de 11 h \u00e0 18 h 30.<\/div><\/div>[\/vc_column_text][\/vc_column_inner][\/vc_row_inner][\/vc_column][\/vc_row]<\/p>\n<\/div>","protected":false},"excerpt":{"rendered":"<p>[vc_row][vc_column][vc_row_inner el_class=\u00a0\u00bbcontainer\u00a0\u00bb][vc_column_inner][vc_custom_heading text=\u00a0\u00bbBienvenue au Parc des Papillons de Drago!\u00a0\u00bb font_container=\u00a0\u00bbtag:h1|text_align:center\u00a0\u00bb use_theme_fonts=\u00a0\u00bbyes\u00a0\u00bb][vc_column_text]Nous sommes \u00e0 Icod de los Vinos, (Tenerife), \u00e0 c\u00f4t\u00e9 du Millenary Drago Promenez-vous parmi plus de 800 papillons exotiques du monde entier qui volent en toute libert\u00e9. Vous pouvez &hellip; <a href=\"https:\/\/www.mariposario.com\/fr\/\">Continue reading <span class=\"meta-nav\">&rarr;<\/span><\/a><\/p>\n","protected":false},"author":9,"featured_media":0,"parent":0,"menu_order":0,"comment_status":"closed","ping_status":"closed","template":"","meta":{"_acf_changed":false,"ngg_post_thumbnail":0,"footnotes":""},"class_list":["post-4106","page","type-page","status-publish","hentry"],"acf":[],"_links":{"self":[{"href":"https:\/\/www.mariposario.com\/fr\/wp-json\/wp\/v2\/pages\/4106","targetHints":{"allow":["GET"]}}],"collection":[{"href":"https:\/\/www.mariposario.com\/fr\/wp-json\/wp\/v2\/pages"}],"about":[{"href":"https:\/\/www.mariposario.com\/fr\/wp-json\/wp\/v2\/types\/page"}],"author":[{"embeddable":true,"href":"https:\/\/www.mariposario.com\/fr\/wp-json\/wp\/v2\/users\/9"}],"replies":[{"embeddable":true,"href":"https:\/\/www.mariposario.com\/fr\/wp-json\/wp\/v2\/comments?post=4106"}],"version-history":[{"count":59,"href":"https:\/\/www.mariposario.com\/fr\/wp-json\/wp\/v2\/pages\/4106\/revisions"}],"predecessor-version":[{"id":14088,"href":"https:\/\/www.mariposario.com\/fr\/wp-json\/wp\/v2\/pages\/4106\/revisions\/14088"}],"wp:attachment":[{"href":"https:\/\/www.mariposario.com\/fr\/wp-json\/wp\/v2\/media?parent=4106"}],"curies":[{"name":"wp","href":"https:\/\/api.w.org\/{rel}","templated":true}]}}